{"id":11,"date":"2025-07-09T15:58:35","date_gmt":"2025-07-09T15:58:35","guid":{"rendered":"http:\/\/bvtifgq.cluster100.hosting.ovh.net\/?page_id=11"},"modified":"2025-09-30T14:48:26","modified_gmt":"2025-09-30T14:48:26","slug":"informations-pedagogiques","status":"publish","type":"page","link":"https:\/\/jeannedarclaventie.fr\/index.php\/informations-pedagogiques\/","title":{"rendered":"Informations p\u00e9dagogiques de l&rsquo;\u00e9cole"},"content":{"rendered":"\n<h1 class=\"wp-block-heading\">Informations p\u00e9dagogiques de l&rsquo;\u00e9cole<\/h1>\n\n\n\n<div class=\"wp-block-columns is-layout-flex wp-container-core-columns-is-layout-20bb992b wp-block-columns-is-layout-flex\" style=\"margin-top:0;margin-bottom:0;padding-top:0;padding-right:0;padding-bottom:0;padding-left:0\">\n<div class=\"wp-block-column has-palette-color-5-background-color has-background is-layout-flow wp-block-column-is-layout-flow\" style=\"border-style:none;border-width:0px;border-radius:10px;padding-top:var(--wp--preset--spacing--30);padding-right:var(--wp--preset--spacing--30);padding-bottom:var(--wp--preset--spacing--30);padding-left:var(--wp--preset--spacing--30)\">\n<div class=\"wp-block-group is-nowrap is-layout-flex wp-container-core-group-is-layout-6c531013 wp-block-group-is-layout-flex\">\n<h2 class=\"wp-block-heading has-large-font-size\">De la GS au CE1 \u2013 Apprentissage de <br>l\u2019\u00e9criture avec la m\u00e9thode Dumont<\/h2>\n\n\n\n<p>D\u00e8s la Grande Section, les \u00e9l\u00e8ves apprennent \u00e0 \u00e9crire gr\u00e2ce \u00e0 la m\u00e9thode Dumont.<br><br>Cette m\u00e9thode permet l\u2019apprentissage progressif du geste d\u2019\u00e9criture. Une fois, les principaux graphismes revus et acquis, l\u2019enseignante utilise la boucle comme outil de d\u00e9marrage pour l\u2019\u00e9criture cursive. Par la suite, les enfants apprendront \u00e0 \u00e9crire le e, puis le l, ensuite le i\u2026\u2026.<br><br>Aussi, d\u00e8s le d\u00e9part, les enfants pourront \u00e9crire des mots comme le ou elle. Cet apprentissage se poursuivra en CP avec l\u2019acquisition de la lecture puis se perfectionnera en CE1 avec l\u2019\u00e9criture et la copie de textes plus longs.<\/p>\n<\/div>\n<\/div>\n<\/div>\n\n\n\n<hr class=\"wp-block-separator has-alpha-channel-opacity\"\/>\n\n\n\n<div class=\"wp-block-group is-nowrap is-layout-flex wp-container-core-group-is-layout-6c531013 wp-block-group-is-layout-flex\">\n<h2 class=\"wp-block-heading has-text-align-left has-large-font-size\">Initiation \u00e0 l\u2019anglais et \u00e0 l\u2019informatique d\u00e8s la Grande Section<\/h2>\n\n\n\n<p>D\u00e8s l\u2019\u00e2ge de 5 ans, les \u00e9l\u00e8ves b\u00e9n\u00e9ficient de s\u00e9ances d\u2019informatique avec Mr Chantry et d\u2019anglais avec Mme Da Silva et Mme Allard. Elles s\u2019effectuent en demi groupe afin d\u2019assurer le bien \u00eatre des \u00e9l\u00e8ves et de leur donner plaisir \u00e0 d\u00e9couvrir une nouvelle mati\u00e8re. Ces s\u00e9ances ne durent que 30 minutes en GS puis 45 minutes \u00e0 partir du CP.<br><br>Au cours des ann\u00e9es, Mr Chantry travaille le traitement de texte en interdisciplinarit\u00e9 avec les enseignants mais aussi les dangers d\u2019internet avec le passage en CM2 du Permis Internet. A la fin de leur scolarit\u00e9 primaire, les \u00e9l\u00e8ves obtiennent le dipl\u00f4me du B2I.<br><br>Quant \u00e0 l\u2019anglais, les \u00e9l\u00e8ves se sensibilisent \u00e0 cette langue au cours de la premi\u00e8re ann\u00e9e. Ensuite, au travers d\u2019activit\u00e9s ludiques, ils travaillent les diff\u00e9rentes comp\u00e9tences linguistiques comme le Listening, le Reading, le Writing ou encore le Speaking. Mme Da Silva propose \u00e9galement des renforcements en anglais en CM2 pour les \u00e9l\u00e8ves qui souhaiteraient passer le dipl\u00f4me du Cambridge.<\/p>\n<\/div>\n\n\n\n<hr class=\"wp-block-separator has-alpha-channel-opacity\"\/>\n\n\n\n<div class=\"wp-block-group has-background is-nowrap is-layout-flex wp-container-core-group-is-layout-6c531013 wp-block-group-is-layout-flex\" style=\"background-color:#f78da878\">\n<h2 class=\"wp-block-heading has-large-font-size\">Classe Flexible en CE2 \u2013 Une classe o\u00f9 l\u2019espace est un outil d\u2019apprentissage<\/h2>\n\n\n\n<p>Mme George, enseignante en CE2 pratique cette p\u00e9dagogie innovante depuis plusieurs ann\u00e9es. Sa classe se caract\u00e9rise par la pr\u00e9sence d\u2019espaces et d\u2019assises vari\u00e9s. Les \u00e9l\u00e8ves peuvent librement choisir leur place, changer de posture, travailler seuls ou en groupes.<br><br>Cette p\u00e9dagogie permet aux \u00e9l\u00e8ves d\u2019apprendre \u00e0 choisir, \u00e0 se concentrer mais aussi de coop\u00e9rer. Une classe flexible est un cadre structur\u00e9 o\u00f9 chaque enfant a sa place et des rep\u00e8res. Les objectifs d\u2019apprentissage sont clairs et les r\u00e8gles sont pr\u00e9cises. L\u2019enseignante incarne diff\u00e9rents r\u00f4les. Il est tour \u00e0 tour r\u00e9gulateur, accompagnateur et organisateur. Cette p\u00e9dagogie permet plus de concentration, moins de conflits et un vrai climat de coop\u00e9ration<\/p>\n<\/div>\n\n\n\n<p><\/p>\n","protected":false},"excerpt":{"rendered":"<p>Informations p\u00e9dagogiques de l&rsquo;\u00e9cole De la GS au CE1 \u2013 Apprentissage de l\u2019\u00e9criture avec la m\u00e9thode Dumont D\u00e8s la Grande Section, les \u00e9l\u00e8ves apprennent \u00e0 \u00e9crire gr\u00e2ce \u00e0 la m\u00e9thode Dumont. Cette m\u00e9thode permet l\u2019apprentissage progressif du geste d\u2019\u00e9criture. Une fois, les principaux graphismes revus et acquis, l\u2019enseignante utilise la boucle comme outil de d\u00e9marrage [&hellip;]<\/p>\n","protected":false},"author":1,"featured_media":0,"parent":0,"menu_order":0,"comment_status":"closed","ping_status":"closed","template":"","meta":{"footnotes":""},"class_list":["post-11","page","type-page","status-publish","hentry"],"blocksy_meta":[],"_links":{"self":[{"href":"https:\/\/jeannedarclaventie.fr\/index.php\/wp-json\/wp\/v2\/pages\/11","targetHints":{"allow":["GET"]}}],"collection":[{"href":"https:\/\/jeannedarclaventie.fr\/index.php\/wp-json\/wp\/v2\/pages"}],"about":[{"href":"https:\/\/jeannedarclaventie.fr\/index.php\/wp-json\/wp\/v2\/types\/page"}],"author":[{"embeddable":true,"href":"https:\/\/jeannedarclaventie.fr\/index.php\/wp-json\/wp\/v2\/users\/1"}],"replies":[{"embeddable":true,"href":"https:\/\/jeannedarclaventie.fr\/index.php\/wp-json\/wp\/v2\/comments?post=11"}],"version-history":[{"count":13,"href":"https:\/\/jeannedarclaventie.fr\/index.php\/wp-json\/wp\/v2\/pages\/11\/revisions"}],"predecessor-version":[{"id":354,"href":"https:\/\/jeannedarclaventie.fr\/index.php\/wp-json\/wp\/v2\/pages\/11\/revisions\/354"}],"wp:attachment":[{"href":"https:\/\/jeannedarclaventie.fr\/index.php\/wp-json\/wp\/v2\/media?parent=11"}],"curies":[{"name":"wp","href":"https:\/\/api.w.org\/{rel}","templated":true}]}}