{"id":13,"date":"2025-07-09T15:59:01","date_gmt":"2025-07-09T15:59:01","guid":{"rendered":"http:\/\/bvtifgq.cluster100.hosting.ovh.net\/?page_id=13"},"modified":"2025-09-30T14:36:37","modified_gmt":"2025-09-30T14:36:37","slug":"lequipe-educative","status":"publish","type":"page","link":"https:\/\/jeannedarclaventie.fr\/index.php\/lequipe-educative\/","title":{"rendered":"L&rsquo;\u00e9quipe \u00e9ducative de l&rsquo;\u00e9cole"},"content":{"rendered":"\n<h1 class=\"wp-block-heading\">L&rsquo;\u00e9quipe \u00e9ducative de l&rsquo;\u00e9cole<\/h1>\n\n\n\n<div class=\"wp-block-columns is-layout-flex wp-container-core-columns-is-layout-28f84493 wp-block-columns-is-layout-flex\">\n<div class=\"wp-block-column has-palette-color-5-background-color has-background is-layout-flow wp-block-column-is-layout-flow\" style=\"padding-top:var(--wp--preset--spacing--30);padding-right:var(--wp--preset--spacing--30);padding-bottom:var(--wp--preset--spacing--30);padding-left:var(--wp--preset--spacing--30)\">\n<h3 class=\"wp-block-heading\">La direction<\/h3>\n\n\n\n<figure style=\"padding-top:var(--wp--preset--spacing--30);padding-right:var(--wp--preset--spacing--30);padding-bottom:var(--wp--preset--spacing--30);padding-left:var(--wp--preset--spacing--30)\" class=\"wp-block-table\"><table class=\"has-border-color has-black-border-color has-fixed-layout\" style=\"border-width:1px\"><tbody><tr><td>La directrice<\/td><td>Madame Marie POULET <br><a href=\"mailto:direction.ecole@sja-laventie.fr\">direction.ecole@sja-laventie.fr<\/a><\/td><\/tr><\/tbody><\/table><\/figure>\n<\/div>\n<\/div>\n\n\n\n<div class=\"wp-block-columns is-layout-flex wp-container-core-columns-is-layout-28f84493 wp-block-columns-is-layout-flex\">\n<div class=\"wp-block-column has-palette-color-5-background-color has-background is-layout-flow wp-block-column-is-layout-flow\" style=\"padding-top:var(--wp--preset--spacing--30);padding-right:var(--wp--preset--spacing--30);padding-bottom:var(--wp--preset--spacing--30);padding-left:var(--wp--preset--spacing--30)\">\n<h3 class=\"wp-block-heading\">Les enseignants<\/h3>\n\n\n\n<figure style=\"padding-top:var(--wp--preset--spacing--30);padding-right:var(--wp--preset--spacing--30);padding-bottom:var(--wp--preset--spacing--30);padding-left:var(--wp--preset--spacing--30)\" class=\"wp-block-table\"><table class=\"has-border-color has-black-border-color has-fixed-layout\" style=\"border-width:1px\"><tbody><tr><td>Classe de TPS\/PS\/MS<\/td><td>Mme H\u00e9l\u00e8ne Bertoux<\/td><\/tr><tr><td>Classe de MS\/GS<\/td><td>Mme Christine Boyer<\/td><\/tr><tr><td>Classe de CP<\/td><td>Mme Laurence Duviquet<\/td><\/tr><tr><td>Classe de CE1<\/td><td>Mme Marguerite Costenoble<\/td><\/tr><tr><td>Classe de CE2<\/td><td>Mme Marie Odile George-Morel&nbsp;<\/td><\/tr><tr><td>Classe de CM1<\/td><td>Mme Mathilde Duthilleul (lundi et mardi) et <br>Mme Martine Rudloff (jeudi et vendredi)<\/td><\/tr><tr><td>Classe de CM2<\/td><td>Mr Jimmy Laigle et <br>Mme Marie Poulet (le vendredi)<\/td><\/tr><\/tbody><\/table><\/figure>\n<\/div>\n<\/div>\n\n\n\n<div class=\"wp-block-columns is-layout-flex wp-container-core-columns-is-layout-28f84493 wp-block-columns-is-layout-flex\">\n<div class=\"wp-block-column has-palette-color-5-background-color has-background is-layout-flow wp-block-column-is-layout-flow\" style=\"padding-top:var(--wp--preset--spacing--30);padding-right:var(--wp--preset--spacing--30);padding-bottom:var(--wp--preset--spacing--30);padding-left:var(--wp--preset--spacing--30)\">\n<h3 class=\"wp-block-heading\">Autre personnel<\/h3>\n\n\n\n<figure style=\"padding-top:var(--wp--preset--spacing--30);padding-right:var(--wp--preset--spacing--30);padding-bottom:var(--wp--preset--spacing--30);padding-left:var(--wp--preset--spacing--30)\" class=\"wp-block-table\"><table class=\"has-border-color has-black-border-color has-fixed-layout\" style=\"border-width:1px\"><tbody><tr><td>ASEM<\/td><td>Mme AMIOT<br>Mme BACHELET<br>Mme RICHIR<br>Mme COMYN<\/td><\/tr><tr><td>Enseignant Informatique\u00a0<\/td><td>Mr CHANTRY<\/td><\/tr><tr><td>Enseignante anglais<\/td><td>Mme DA SILVA<br>Mme ALLARD<\/td><\/tr><tr><td>Personnels de garderie<\/td><td>Mme AMIOT<br>Mme BACHELET<br>Mme COMYN<\/td><\/tr><tr><td>Personnels d\u2019\u00e9tude\u00a0<\/td><td>Mme AMIOT<br>Mr CHANTRY<\/td><\/tr><tr><td>Personnel de maintenance<\/td><td>Mr HU<\/td><\/tr><tr><td>Responsable cuisine<\/td><td>Mme DELANGUE<\/td><\/tr><\/tbody><\/table><\/figure>\n<\/div>\n<\/div>\n\n\n\n<p><\/p>\n","protected":false},"excerpt":{"rendered":"<p>L&rsquo;\u00e9quipe \u00e9ducative de l&rsquo;\u00e9cole La direction La directrice Madame Marie POULET direction.ecole@sja-laventie.fr Les enseignants Classe de TPS\/PS\/MS Mme H\u00e9l\u00e8ne Bertoux Classe de MS\/GS Mme Christine Boyer Classe de CP Mme Laurence Duviquet Classe de CE1 Mme Marguerite Costenoble Classe de CE2 Mme Marie Odile George-Morel&nbsp; Classe de CM1 Mme Mathilde Duthilleul (lundi et mardi) et [&hellip;]<\/p>\n","protected":false},"author":1,"featured_media":0,"parent":0,"menu_order":0,"comment_status":"closed","ping_status":"closed","template":"","meta":{"footnotes":""},"class_list":["post-13","page","type-page","status-publish","hentry"],"blocksy_meta":[],"_links":{"self":[{"href":"https:\/\/jeannedarclaventie.fr\/index.php\/wp-json\/wp\/v2\/pages\/13","targetHints":{"allow":["GET"]}}],"collection":[{"href":"https:\/\/jeannedarclaventie.fr\/index.php\/wp-json\/wp\/v2\/pages"}],"about":[{"href":"https:\/\/jeannedarclaventie.fr\/index.php\/wp-json\/wp\/v2\/types\/page"}],"author":[{"embeddable":true,"href":"https:\/\/jeannedarclaventie.fr\/index.php\/wp-json\/wp\/v2\/users\/1"}],"replies":[{"embeddable":true,"href":"https:\/\/jeannedarclaventie.fr\/index.php\/wp-json\/wp\/v2\/comments?post=13"}],"version-history":[{"count":13,"href":"https:\/\/jeannedarclaventie.fr\/index.php\/wp-json\/wp\/v2\/pages\/13\/revisions"}],"predecessor-version":[{"id":351,"href":"https:\/\/jeannedarclaventie.fr\/index.php\/wp-json\/wp\/v2\/pages\/13\/revisions\/351"}],"wp:attachment":[{"href":"https:\/\/jeannedarclaventie.fr\/index.php\/wp-json\/wp\/v2\/media?parent=13"}],"curies":[{"name":"wp","href":"https:\/\/api.w.org\/{rel}","templated":true}]}}