{"id":19,"date":"2025-07-09T16:00:20","date_gmt":"2025-07-09T16:00:20","guid":{"rendered":"http:\/\/bvtifgq.cluster100.hosting.ovh.net\/?page_id=19"},"modified":"2025-09-30T14:27:50","modified_gmt":"2025-09-30T14:27:50","slug":"informations-pedagogiques-college","status":"publish","type":"page","link":"https:\/\/jeannedarclaventie.fr\/index.php\/informations-pedagogiques-college\/","title":{"rendered":"Informations p\u00e9dagogiques du coll\u00e8ge"},"content":{"rendered":"\n<h1 class=\"wp-block-heading\">Informations p\u00e9dagogiques du coll\u00e8ge <\/h1>\n\n\n\n<div class=\"wp-block-columns is-layout-flex wp-container-core-columns-is-layout-28f84493 wp-block-columns-is-layout-flex\">\n<div class=\"wp-block-column has-luminous-vivid-orange-background-color has-background is-layout-flow wp-block-column-is-layout-flow\" style=\"border-radius:10px;padding-top:var(--wp--preset--spacing--30);padding-right:var(--wp--preset--spacing--30);padding-bottom:var(--wp--preset--spacing--30);padding-left:var(--wp--preset--spacing--30)\">\n<h2 class=\"wp-block-heading\">Les classes de 6e<\/h2>\n\n\n\n<ul class=\"wp-block-list\">\n<li class=\"has-palette-color-4-color has-text-color\">Tablettes iPad avec livres num\u00e9riques<\/li>\n\n\n\n<li class=\"has-palette-color-4-color has-text-color\">Salles 15 et 16 r\u00e9serv\u00e9es pour limiter les d\u00e9placements<\/li>\n\n\n\n<li class=\"has-palette-color-4-color has-text-color\">Voyage d\u2019int\u00e9gration au cours de la 2\u00e8me semaine de Septembre<\/li>\n\n\n\n<li class=\"has-palette-color-4-color has-text-color\">Sorties p\u00e9dagogiques vari\u00e9es<\/li>\n\n\n\n<li class=\"has-palette-color-4-color has-text-color\">1h de Pastorale hebdomadaire avec Mme PONTHIEU<\/li>\n\n\n\n<li class=\"has-palette-color-4-color has-text-color\">Projets p\u00e9dagogiques toute l&rsquo;ann\u00e9e<\/li>\n\n\n\n<li class=\"has-palette-color-4-color has-text-color\">Options&nbsp;: chinois, bilangue Allemand, judo, \u00e9quitation et danse<\/li>\n<\/ul>\n<\/div>\n<\/div>\n\n\n\n<div class=\"wp-block-columns is-layout-flex wp-container-core-columns-is-layout-28f84493 wp-block-columns-is-layout-flex\">\n<div class=\"wp-block-column has-pale-cyan-blue-background-color has-background is-layout-flow wp-block-column-is-layout-flow\" style=\"border-radius:20px;padding-top:var(--wp--preset--spacing--30);padding-right:var(--wp--preset--spacing--30);padding-bottom:var(--wp--preset--spacing--30);padding-left:var(--wp--preset--spacing--30)\">\n<h2 class=\"wp-block-heading\">Les classes de 5e<\/h2>\n\n\n\n<ul class=\"wp-block-list\">\n<li class=\"has-palette-color-4-color has-text-color has-link-color wp-elements-065282ee1ac32f14724d0249894be0b4\">D\u00e9but de la LV2 (allemand ou espagnol)<\/li>\n\n\n\n<li class=\"has-palette-color-4-color has-text-color has-link-color wp-elements-762ebb91cff919152ca731ab15c1ab2d\">Temps forts religieux durant l&rsquo;ann\u00e9e<\/li>\n\n\n\n<li class=\"has-palette-color-4-color has-text-color has-link-color wp-elements-aae8d69a8194cd73c15c19384ec8c082\">Voyage au ski<\/li>\n\n\n\n<li class=\"has-palette-color-4-color has-text-color has-link-color wp-elements-b4fc69ecff373798b7d8cc165b96a95b\">Sorties p\u00e9dagogiques vari\u00e9es<\/li>\n\n\n\n<li class=\"has-palette-color-4-color has-text-color has-link-color wp-elements-e810fec5fd8e53f469f80d6c314f17d2\">Options&nbsp;: chinois, latin, judo, \u00e9quitation et danse<\/li>\n<\/ul>\n<\/div>\n<\/div>\n\n\n\n<div class=\"wp-block-columns is-layout-flex wp-container-core-columns-is-layout-28f84493 wp-block-columns-is-layout-flex\">\n<div class=\"wp-block-column has-pale-pink-background-color has-background is-layout-flow wp-block-column-is-layout-flow\" style=\"border-radius:20px;padding-top:var(--wp--preset--spacing--30);padding-right:var(--wp--preset--spacing--30);padding-bottom:var(--wp--preset--spacing--30);padding-left:var(--wp--preset--spacing--30)\">\n<h2 class=\"wp-block-heading\">Les classes de 4e<\/h2>\n\n\n\n<ul class=\"wp-block-list\">\n<li class=\"has-palette-color-4-color has-text-color has-link-color wp-elements-78e165adb4e2dffd4b9a54ca72963e3a\">Stage de 2 jours en milieu professionnel avec dossier et \u00e9preuve orale<\/li>\n\n\n\n<li class=\"has-palette-color-4-color has-text-color has-link-color wp-elements-3b5c66079867c014048a704ca00a168e\">Visites de lyc\u00e9es et r\u00e9union d\u2019orientation<\/li>\n\n\n\n<li class=\"has-palette-color-4-color has-text-color has-link-color wp-elements-e27a35b6abd10e820cc1f5971a37491f\">Accompagnement \u00e0 l\u2019orientation (1h \/ quinzaine)<\/li>\n\n\n\n<li class=\"has-palette-color-4-color has-text-color has-link-color wp-elements-3e84b7211f723e4063e45635af95ea35\">S\u00e9jour linguistique (Londres) ou sportif<\/li>\n\n\n\n<li class=\"has-palette-color-4-color has-text-color has-link-color wp-elements-1944235cdfa8d0dc64e1433ed91bd0f8\">Temps forts religieux durant l\u2019ann\u00e9e<\/li>\n\n\n\n<li class=\"has-palette-color-4-color has-text-color has-link-color wp-elements-e09ca0e2fbe5067030eb255023339e04\">Options&nbsp;: chinois, section euro en Anglais, latin, judo, \u00e9quitation et danse<\/li>\n<\/ul>\n<\/div>\n<\/div>\n\n\n\n<div class=\"wp-block-columns is-layout-flex wp-container-core-columns-is-layout-28f84493 wp-block-columns-is-layout-flex\">\n<div class=\"wp-block-column has-luminous-vivid-amber-background-color has-background is-layout-flow wp-block-column-is-layout-flow\" style=\"border-radius:20px;padding-top:var(--wp--preset--spacing--30);padding-right:var(--wp--preset--spacing--30);padding-bottom:var(--wp--preset--spacing--30);padding-left:var(--wp--preset--spacing--30)\">\n<h2 class=\"wp-block-heading has-palette-color-4-color has-text-color has-link-color wp-elements-0ad858a9cc22118d27f74daf9ce16e17\">Les classes de 3e<\/h2>\n\n\n\n<ul class=\"wp-block-list\">\n<li class=\"has-palette-color-4-color has-text-color\">Stage de 3 jours en milieu professionnel avec dossier et \u00e9preuve orale<\/li>\n\n\n\n<li class=\"has-palette-color-4-color has-text-color\">Visites de lyc\u00e9es et r\u00e9unions d\u2019orientation<\/li>\n\n\n\n<li class=\"has-palette-color-4-color has-text-color\">Accompagnement \u00e0 l\u2019orientation (1h \/ quinzaine)<\/li>\n\n\n\n<li class=\"has-palette-color-4-color has-text-color\">S\u00e9jour linguistique (Barcelone) avec un partenariat d\u2019un coll\u00e8ge espagnol<\/li>\n\n\n\n<li class=\"has-palette-color-4-color has-text-color\">Options&nbsp;: chinois, section euro en Anglais, latin, judo, \u00e9quitation et danse<\/li>\n<\/ul>\n<\/div>\n<\/div>\n\n\n\n<div class=\"wp-block-columns is-layout-flex wp-container-core-columns-is-layout-28f84493 wp-block-columns-is-layout-flex\">\n<div class=\"wp-block-column has-palette-color-5-background-color has-background is-layout-flow wp-block-column-is-layout-flow\" style=\"border-radius:20px;padding-top:var(--wp--preset--spacing--30);padding-right:var(--wp--preset--spacing--30);padding-bottom:var(--wp--preset--spacing--30);padding-left:var(--wp--preset--spacing--30)\">\n<h2 class=\"wp-block-heading\">Divers<\/h2>\n\n\n\n<ul class=\"wp-block-list\">\n<li>Utilisation de l\u2019ENT \u00ab&nbsp;Ecole Directe&nbsp;\u00bb<\/li>\n\n\n\n<li>Bin\u00f4mes pour suivi en cas d\u2019absence<\/li>\n\n\n\n<li>Actions caritatives en faveur de diverses tout au long de l\u2019ann\u00e9e (Banque alimentaire, Course contre la faim, associations de proximit\u00e9, \u2026)<\/li>\n\n\n\n<li>Clubs sur le temps du midi&nbsp;: Association Sportive, \u00e9checs, club musique et chant, pr\u00e9paration du spectacle, CDI<\/li>\n\n\n\n<li>Les repas sont confectionn\u00e9s sur place par notre chef cuisinier avec de nombreux produits locaux<\/li>\n<\/ul>\n<\/div>\n<\/div>\n","protected":false},"excerpt":{"rendered":"<p>Informations p\u00e9dagogiques du coll\u00e8ge Les classes de 6e Les classes de 5e Les classes de 4e Les classes de 3e Divers<\/p>\n","protected":false},"author":1,"featured_media":0,"parent":0,"menu_order":0,"comment_status":"closed","ping_status":"closed","template":"","meta":{"footnotes":""},"class_list":["post-19","page","type-page","status-publish","hentry"],"blocksy_meta":[],"_links":{"self":[{"href":"https:\/\/jeannedarclaventie.fr\/index.php\/wp-json\/wp\/v2\/pages\/19","targetHints":{"allow":["GET"]}}],"collection":[{"href":"https:\/\/jeannedarclaventie.fr\/index.php\/wp-json\/wp\/v2\/pages"}],"about":[{"href":"https:\/\/jeannedarclaventie.fr\/index.php\/wp-json\/wp\/v2\/types\/page"}],"author":[{"embeddable":true,"href":"https:\/\/jeannedarclaventie.fr\/index.php\/wp-json\/wp\/v2\/users\/1"}],"replies":[{"embeddable":true,"href":"https:\/\/jeannedarclaventie.fr\/index.php\/wp-json\/wp\/v2\/comments?post=19"}],"version-history":[{"count":10,"href":"https:\/\/jeannedarclaventie.fr\/index.php\/wp-json\/wp\/v2\/pages\/19\/revisions"}],"predecessor-version":[{"id":346,"href":"https:\/\/jeannedarclaventie.fr\/index.php\/wp-json\/wp\/v2\/pages\/19\/revisions\/346"}],"wp:attachment":[{"href":"https:\/\/jeannedarclaventie.fr\/index.php\/wp-json\/wp\/v2\/media?parent=19"}],"curies":[{"name":"wp","href":"https:\/\/api.w.org\/{rel}","templated":true}]}}