{"id":21,"date":"2025-07-09T16:00:39","date_gmt":"2025-07-09T16:00:39","guid":{"rendered":"http:\/\/bvtifgq.cluster100.hosting.ovh.net\/?page_id=21"},"modified":"2025-08-29T14:51:06","modified_gmt":"2025-08-29T14:51:06","slug":"la-structure-et-linfrastructure-college","status":"publish","type":"page","link":"https:\/\/jeannedarclaventie.fr\/index.php\/la-structure-et-linfrastructure-college\/","title":{"rendered":"La structure et l&rsquo;infrastructure"},"content":{"rendered":"\n<h1 class=\"wp-block-heading has-text-align-center\">La structure et l&rsquo;infrastructure<\/h1>\n\n\n\n<h3 class=\"wp-block-heading has-text-align-center\">LA STRUCTURE 2025\/2026 :<\/h3>\n\n\n\n<p class=\"has-text-align-center\">295 \u00e9l\u00e8ves sont r\u00e9partis dans 12 classes : 3 classes de 6\u00e8me, 3 classes de 5\u00e8me, 3 classes de 4\u00e8me et 3 classes de 3\u00e8me.<\/p>\n\n\n\n<hr class=\"wp-block-separator has-alpha-channel-opacity\"\/>\n\n\n\n<h3 class=\"wp-block-heading has-text-align-center\">L&rsquo;INFRASTRUCTURE<\/h3>\n\n\n\n<p class=\"has-text-align-center\">Le coll\u00e8ge est constitu\u00e9 de 3 b\u00e2timents.<\/p>\n\n\n\n<div class=\"wp-block-media-text is-stacked-on-mobile is-image-fill-element has-palette-color-5-background-color has-background\" style=\"grid-template-columns:34% auto\"><figure class=\"wp-block-media-text__media\"><img loading=\"lazy\" decoding=\"async\" width=\"1024\" height=\"576\" src=\"http:\/\/bvtifgq.cluster100.hosting.ovh.net\/wp-content\/uploads\/2025\/08\/AF4807DA-AC9E-4EF4-91B4-91F09ACB9D7E-1024x576.jpeg\" alt=\"\" class=\"wp-image-216 size-full\" style=\"object-position:80% 53%\" srcset=\"https:\/\/jeannedarclaventie.fr\/wp-content\/uploads\/2025\/08\/AF4807DA-AC9E-4EF4-91B4-91F09ACB9D7E-1024x576.jpeg 1024w, https:\/\/jeannedarclaventie.fr\/wp-content\/uploads\/2025\/08\/AF4807DA-AC9E-4EF4-91B4-91F09ACB9D7E-300x169.jpeg 300w, https:\/\/jeannedarclaventie.fr\/wp-content\/uploads\/2025\/08\/AF4807DA-AC9E-4EF4-91B4-91F09ACB9D7E-768x432.jpeg 768w, https:\/\/jeannedarclaventie.fr\/wp-content\/uploads\/2025\/08\/AF4807DA-AC9E-4EF4-91B4-91F09ACB9D7E.jpeg 1280w\" sizes=\"auto, (max-width: 1024px) 100vw, 1024px\" \/><\/figure><div class=\"wp-block-media-text__content\">\n<h2 class=\"wp-block-heading has-medium-font-size\">BATIMENT PRINCIPAL<\/h2>\n\n\n\n<p><strong>Rez de chauss\u00e9e :<\/strong>\u00a0le secr\u00e9tariat, le restaurant scolaire bas\u00e9 sur le principe d&rsquo;un self, le bureau de la Vie Scolaire, la salle de technologie, la salle d&rsquo;Arts, le CDI et la salle des professeurs<br><br><strong>1er \u00e9tage :<\/strong>\u00a0le bureau de la Direction, le bureau de la Comptabilit\u00e9, 6 salles de classes \u00e9quip\u00e9es de vid\u00e9oprojecteurs, dont 2 r\u00e9serv\u00e9es aux \u00e9l\u00e8ves de 6\u00e8me, et la salle d&rsquo;\u00e9tudes.<br><br><strong>2\u00e8me \u00e9tage :<\/strong>\u00a0salle de langues (Chinois et Allemand) et salle de musique \/ danse<\/p>\n<\/div><\/div>\n\n\n\n<div class=\"wp-block-media-text is-stacked-on-mobile is-vertically-aligned-top is-image-fill-element has-palette-color-5-background-color has-background\" style=\"grid-template-columns:34% auto\"><figure class=\"wp-block-media-text__media\"><img loading=\"lazy\" decoding=\"async\" width=\"1024\" height=\"576\" src=\"http:\/\/bvtifgq.cluster100.hosting.ovh.net\/wp-content\/uploads\/2025\/08\/image0-8-1024x576.jpeg\" alt=\"\" class=\"wp-image-272 size-full\" style=\"object-position:27% 71%\" srcset=\"https:\/\/jeannedarclaventie.fr\/wp-content\/uploads\/2025\/08\/image0-8-1024x576.jpeg 1024w, https:\/\/jeannedarclaventie.fr\/wp-content\/uploads\/2025\/08\/image0-8-300x169.jpeg 300w, https:\/\/jeannedarclaventie.fr\/wp-content\/uploads\/2025\/08\/image0-8-768x432.jpeg 768w, https:\/\/jeannedarclaventie.fr\/wp-content\/uploads\/2025\/08\/image0-8.jpeg 1280w\" sizes=\"auto, (max-width: 1024px) 100vw, 1024px\" \/><\/figure><div class=\"wp-block-media-text__content\">\n<h2 class=\"wp-block-heading has-medium-font-size\">SECOND BATIMENT. Il est compos\u00e9 de deux salles<\/h2>\n\n\n\n<ul class=\"wp-block-list\">\n<li>elles sont \u00e9quip\u00e9es d&rsquo;un <strong>vid\u00e9o-projecteur <\/strong><\/li>\n\n\n\n<li><strong>le laboratoire de Sciences Physiques et Chimie<\/strong><\/li>\n\n\n\n<li><strong>le laboratoire SVT<\/strong><\/li>\n<\/ul>\n<\/div><\/div>\n\n\n\n<div class=\"wp-block-media-text is-stacked-on-mobile is-image-fill-element has-palette-color-5-background-color has-background\" style=\"grid-template-columns:34% auto\"><figure class=\"wp-block-media-text__media\"><img loading=\"lazy\" decoding=\"async\" width=\"1024\" height=\"576\" src=\"http:\/\/bvtifgq.cluster100.hosting.ovh.net\/wp-content\/uploads\/2025\/08\/2025-08-26-10-39-56-571-1-1024x576.jpg\" alt=\"\" class=\"wp-image-280 size-full\" style=\"object-position:88% 58%\" srcset=\"https:\/\/jeannedarclaventie.fr\/wp-content\/uploads\/2025\/08\/2025-08-26-10-39-56-571-1-1024x576.jpg 1024w, https:\/\/jeannedarclaventie.fr\/wp-content\/uploads\/2025\/08\/2025-08-26-10-39-56-571-1-300x169.jpg 300w, https:\/\/jeannedarclaventie.fr\/wp-content\/uploads\/2025\/08\/2025-08-26-10-39-56-571-1-768x432.jpg 768w, https:\/\/jeannedarclaventie.fr\/wp-content\/uploads\/2025\/08\/2025-08-26-10-39-56-571-1.jpg 1280w\" sizes=\"auto, (max-width: 1024px) 100vw, 1024px\" \/><\/figure><div class=\"wp-block-media-text__content\">\n<h2 class=\"wp-block-heading has-medium-font-size\">TROISIEME BATIMENT \/ La Salle d&rsquo;EPS<\/h2>\n\n\n\n<div class=\"wp-block-group is-nowrap is-layout-flex wp-container-core-group-is-layout-6c531013 wp-block-group-is-layout-flex\">\n<figure class=\"wp-block-image size-large is-resized\"><img loading=\"lazy\" decoding=\"async\" width=\"1024\" height=\"768\" src=\"http:\/\/bvtifgq.cluster100.hosting.ovh.net\/wp-content\/uploads\/2025\/08\/IMG_5016-1024x768.jpg\" alt=\"\" class=\"wp-image-281\" style=\"width:361px;height:auto\" srcset=\"https:\/\/jeannedarclaventie.fr\/wp-content\/uploads\/2025\/08\/IMG_5016-1024x768.jpg 1024w, https:\/\/jeannedarclaventie.fr\/wp-content\/uploads\/2025\/08\/IMG_5016-300x225.jpg 300w, https:\/\/jeannedarclaventie.fr\/wp-content\/uploads\/2025\/08\/IMG_5016-768x576.jpg 768w, https:\/\/jeannedarclaventie.fr\/wp-content\/uploads\/2025\/08\/IMG_5016-1536x1152.jpg 1536w, https:\/\/jeannedarclaventie.fr\/wp-content\/uploads\/2025\/08\/IMG_5016.jpg 2048w\" sizes=\"auto, (max-width: 1024px) 100vw, 1024px\" \/><\/figure>\n\n\n\n<figure class=\"wp-block-image size-large is-resized\"><img loading=\"lazy\" decoding=\"async\" width=\"1024\" height=\"767\" src=\"http:\/\/bvtifgq.cluster100.hosting.ovh.net\/wp-content\/uploads\/2025\/08\/image0-7-1024x767.jpeg\" alt=\"\" class=\"wp-image-232\" style=\"width:364px;height:auto\" srcset=\"https:\/\/jeannedarclaventie.fr\/wp-content\/uploads\/2025\/08\/image0-7-1024x767.jpeg 1024w, https:\/\/jeannedarclaventie.fr\/wp-content\/uploads\/2025\/08\/image0-7-300x225.jpeg 300w, https:\/\/jeannedarclaventie.fr\/wp-content\/uploads\/2025\/08\/image0-7-768x576.jpeg 768w, https:\/\/jeannedarclaventie.fr\/wp-content\/uploads\/2025\/08\/image0-7.jpeg 1325w\" sizes=\"auto, (max-width: 1024px) 100vw, 1024px\" \/><\/figure>\n<\/div>\n<\/div><\/div>\n\n\n\n<hr class=\"wp-block-separator has-alpha-channel-opacity\"\/>\n\n\n\n<h4 class=\"wp-block-heading has-text-align-center\">LES INSTALLATIONS MUNICIPALES<\/h4>\n\n\n\n<p class=\"has-text-align-center\">Les \u00e9l\u00e8ves peuvent utiliser tout au long de l&rsquo;ann\u00e9e les diff\u00e9rentes installations municipales : la salle des sports, le terrain de foot en herbe, le terrain de foot synth\u00e9tique, la piste d&rsquo;athl\u00e9tisme, la base de loisirs, le dojo et la salle des f\u00eates.<\/p>\n\n\n\n<hr class=\"wp-block-separator has-alpha-channel-opacity\"\/>\n\n\n\n<h4 class=\"wp-block-heading has-text-align-center\">LA PISCINE<\/h4>\n\n\n\n<p class=\"has-text-align-center\">Les \u00e9l\u00e8ves de 6\u00e8me pratiquent la natation \u00e0 la piscine d&rsquo;Armenti\u00e8res et d&rsquo;Estaires.<\/p>\n\n\n\n<div class=\"wp-block-group is-layout-grid wp-container-core-group-is-layout-b757edec wp-block-group-is-layout-grid\">\n<div class=\"wp-block-buttons has-palette-color-1-background-color has-background is-content-justification-center is-layout-flex wp-container-core-buttons-is-layout-a89b3969 wp-block-buttons-is-layout-flex\">\n<div class=\"wp-block-button\"><a class=\"wp-block-button__link wp-element-button\" href=\"https:\/\/www.calyssia.com\/\">ARMENTIERES &#8211; CALYSSIA<\/a><\/div>\n<\/div>\n\n\n\n<div class=\"wp-block-buttons has-luminous-vivid-amber-background-color has-background is-content-justification-center is-layout-flex wp-container-core-buttons-is-layout-a89b3969 wp-block-buttons-is-layout-flex\">\n<div class=\"wp-block-button\"><a class=\"wp-block-button__link has-luminous-vivid-amber-background-color has-background wp-element-button\" href=\"https:\/\/www.londine-flandrelys.fr\/\">ESTAIRES &#8211; L&rsquo;ONDINE<\/a><\/div>\n<\/div>\n<\/div>\n","protected":false},"excerpt":{"rendered":"<p>La structure et l&rsquo;infrastructure LA STRUCTURE 2025\/2026 : 295 \u00e9l\u00e8ves sont r\u00e9partis dans 12 classes : 3 classes de 6\u00e8me, 3 classes de 5\u00e8me, 3 classes de 4\u00e8me et 3 classes de 3\u00e8me. L&rsquo;INFRASTRUCTURE Le coll\u00e8ge est constitu\u00e9 de 3 b\u00e2timents. BATIMENT PRINCIPAL Rez de chauss\u00e9e :\u00a0le secr\u00e9tariat, le restaurant scolaire bas\u00e9 sur le principe [&hellip;]<\/p>\n","protected":false},"author":1,"featured_media":0,"parent":0,"menu_order":0,"comment_status":"closed","ping_status":"closed","template":"","meta":{"footnotes":""},"class_list":["post-21","page","type-page","status-publish","hentry"],"blocksy_meta":[],"_links":{"self":[{"href":"https:\/\/jeannedarclaventie.fr\/index.php\/wp-json\/wp\/v2\/pages\/21","targetHints":{"allow":["GET"]}}],"collection":[{"href":"https:\/\/jeannedarclaventie.fr\/index.php\/wp-json\/wp\/v2\/pages"}],"about":[{"href":"https:\/\/jeannedarclaventie.fr\/index.php\/wp-json\/wp\/v2\/types\/page"}],"author":[{"embeddable":true,"href":"https:\/\/jeannedarclaventie.fr\/index.php\/wp-json\/wp\/v2\/users\/1"}],"replies":[{"embeddable":true,"href":"https:\/\/jeannedarclaventie.fr\/index.php\/wp-json\/wp\/v2\/comments?post=21"}],"version-history":[{"count":16,"href":"https:\/\/jeannedarclaventie.fr\/index.php\/wp-json\/wp\/v2\/pages\/21\/revisions"}],"predecessor-version":[{"id":315,"href":"https:\/\/jeannedarclaventie.fr\/index.php\/wp-json\/wp\/v2\/pages\/21\/revisions\/315"}],"wp:attachment":[{"href":"https:\/\/jeannedarclaventie.fr\/index.php\/wp-json\/wp\/v2\/media?parent=21"}],"curies":[{"name":"wp","href":"https:\/\/api.w.org\/{rel}","templated":true}]}}