{"id":23,"date":"2025-07-09T16:01:26","date_gmt":"2025-07-09T16:01:26","guid":{"rendered":"http:\/\/bvtifgq.cluster100.hosting.ovh.net\/?page_id=23"},"modified":"2026-03-24T09:41:32","modified_gmt":"2026-03-24T09:41:32","slug":"informations-sur-le-transport","status":"publish","type":"page","link":"https:\/\/jeannedarclaventie.fr\/index.php\/informations-sur-le-transport\/","title":{"rendered":"Informations sur le transport"},"content":{"rendered":"\n<h1 class=\"wp-block-heading\">Informations sur le transport<\/h1>\n\n\n\n<div class=\"wp-block-file\">\n  <object\n    class=\"wp-block-file__embed\"\n    data=\"https:\/\/jeannedarclaventie.fr\/wp-content\/uploads\/2025\/08\/Circuits-bus.pdf\"\n    type=\"application\/pdf\"\n    style=\"width:100%;height:70vh;display:block;\"\n    aria-label=\"Circuits bus scolaires\"\n  >\n    <p>\n      Votre navigateur ne peut pas afficher le PDF.\n      Vous pouvez le t\u00e9l\u00e9charger ici :\n      <a href=\"https:\/\/jeannedarclaventie.fr\/wp-content\/uploads\/2025\/08\/Circuits-bus.pdf\">\n        Circuits bus\n      <\/a>\n    <\/p>\n  <\/object>\n\n  <a\n    id=\"wp-block-file--media-circuits-bus\"\n    href=\"https:\/\/jeannedarclaventie.fr\/wp-content\/uploads\/2025\/08\/Circuits-bus.pdf\"\n  >\n    Circuits bus  \n  <\/a>\n  <div style=\"height: 20px;\"><\/div> <!-- Espace ajout\u00e9 ici -->\n  <a\n    href=\"https:\/\/jeannedarclaventie.fr\/wp-content\/uploads\/2025\/08\/Circuits-bus.pdf\"\n    class=\"wp-block-file__button wp-element-button\"\n    download\n    aria-describedby=\"wp-block-file--media-circuits-bus\"\n  >\n       T\u00e9l\u00e9charger\n  <\/a>\n<\/div>\n\n\n\n\n<p><\/p>\n","protected":false},"excerpt":{"rendered":"<p>Informations sur le transport Votre navigateur ne peut pas afficher le PDF. Vous pouvez le t\u00e9l\u00e9charger ici : Circuits bus Circuits bus T\u00e9l\u00e9charger<\/p>\n","protected":false},"author":1,"featured_media":0,"parent":0,"menu_order":0,"comment_status":"closed","ping_status":"closed","template":"","meta":{"footnotes":""},"class_list":["post-23","page","type-page","status-publish","hentry"],"blocksy_meta":[],"_links":{"self":[{"href":"https:\/\/jeannedarclaventie.fr\/index.php\/wp-json\/wp\/v2\/pages\/23","targetHints":{"allow":["GET"]}}],"collection":[{"href":"https:\/\/jeannedarclaventie.fr\/index.php\/wp-json\/wp\/v2\/pages"}],"about":[{"href":"https:\/\/jeannedarclaventie.fr\/index.php\/wp-json\/wp\/v2\/types\/page"}],"author":[{"embeddable":true,"href":"https:\/\/jeannedarclaventie.fr\/index.php\/wp-json\/wp\/v2\/users\/1"}],"replies":[{"embeddable":true,"href":"https:\/\/jeannedarclaventie.fr\/index.php\/wp-json\/wp\/v2\/comments?post=23"}],"version-history":[{"count":11,"href":"https:\/\/jeannedarclaventie.fr\/index.php\/wp-json\/wp\/v2\/pages\/23\/revisions"}],"predecessor-version":[{"id":389,"href":"https:\/\/jeannedarclaventie.fr\/index.php\/wp-json\/wp\/v2\/pages\/23\/revisions\/389"}],"wp:attachment":[{"href":"https:\/\/jeannedarclaventie.fr\/index.php\/wp-json\/wp\/v2\/media?parent=23"}],"curies":[{"name":"wp","href":"https:\/\/api.w.org\/{rel}","templated":true}]}}