{"id":25,"date":"2025-07-09T16:01:40","date_gmt":"2025-07-09T16:01:40","guid":{"rendered":"http:\/\/bvtifgq.cluster100.hosting.ovh.net\/?page_id=25"},"modified":"2025-08-29T10:53:31","modified_gmt":"2025-08-29T10:53:31","slug":"lhistorique-du-centre-scolaire-depuis-1818","status":"publish","type":"page","link":"https:\/\/jeannedarclaventie.fr\/index.php\/lhistorique-du-centre-scolaire-depuis-1818\/","title":{"rendered":"L&rsquo;historique du Centre scolaire depuis 1818"},"content":{"rendered":"\n<h1 class=\"wp-block-heading\">L&rsquo;historique du Centre scolaire depuis 1818<\/h1>\n\n\n\n<div class=\"wp-block-columns is-layout-flex wp-container-core-columns-is-layout-28f84493 wp-block-columns-is-layout-flex\">\n<div class=\"wp-block-column has-palette-color-5-background-color has-background is-layout-flow wp-block-column-is-layout-flow\" style=\"border-radius:10px;padding-top:var(--wp--preset--spacing--30);padding-right:var(--wp--preset--spacing--30);padding-bottom:var(--wp--preset--spacing--30);padding-left:var(--wp--preset--spacing--30)\">\n<p><strong>1818 :<\/strong>&nbsp;Une modeste habitation en paillotis rue d\u2019Enfer est mise \u00e0 la disposition de 2 religieuses&#8230; S\u0153ur Jeanne-Claude JACOULET, fondatrice de la congr\u00e9gation, r\u00e9pondra favorablement \u00e0 la demande.<\/p>\n\n\n\n<p><strong>1836 :<\/strong>&nbsp;Le cur\u00e9 Warenghem envisage de cr\u00e9er une \u00e9cole de gar\u00e7ons confi\u00e9e aux fr\u00e8res des \u00e9coles chr\u00e9tiennes&#8230; A partir de 1870 le certificat d\u2019\u00e9tudes est cr\u00e9\u00e9.<\/p>\n\n\n\n<p><strong>1891 :<\/strong>&nbsp;L\u2019\u00e9cole libre se d\u00e9localise rue d\u2019Enfer. L\u2019\u00e9cole des filles s\u2019installe rue des Amoureux. L\u2019\u00e9cole St Joseph est ainsi cr\u00e9\u00e9e.<\/p>\n\n\n\n<p><strong>1904 :<\/strong>&nbsp;La loi interdit aux congr\u00e9gations d\u2019enseigner. L\u2019\u00e9cole des filles devient l\u2019\u00e9cole Jeanne d\u2019Arc. Les religieux deviennent la\u00efcs.<\/p>\n\n\n\n<p><strong>1918 :<\/strong>&nbsp;Reprise des activit\u00e9s scolaires apr\u00e8s la guerre. Jeux traditionnels dans les cours d\u2019\u00e9cole.<\/p>\n\n\n\n<p><strong>1939 :<\/strong>&nbsp;Le directeur part \u00e0 la guerre, remplac\u00e9 par \u00c9milie Valenton.<\/p>\n\n\n\n<p><strong>1942 :<\/strong>&nbsp;Retour des congr\u00e9gations. La croix en bois est install\u00e9e pour prot\u00e9ger l\u2019\u00e9cole.<\/p>\n\n\n\n<p><strong>1945 :<\/strong>&nbsp;Cr\u00e9ation des internats et cantines. D\u00e9veloppement de l\u2019activit\u00e9 li\u00e9e \u00e0 la chaussure \u00e0 l\u2019\u00e9cole.<\/p>\n\n\n\n<p><strong>1959 :<\/strong>&nbsp;L\u2019\u00e9cole Jeanne d\u2019Arc devient coll\u00e8ge avec pr\u00e9paration au brevet.<\/p>\n\n\n\n<p><strong>1967 :<\/strong>&nbsp;D\u00e9part des fr\u00e8res. Direction assur\u00e9e par Monsieur BURIETZ.<\/p>\n\n\n\n<p><strong>1972 :<\/strong>&nbsp;D\u00e9but de la mixit\u00e9 au coll\u00e8ge Jeanne d\u2019Arc. Excursions scolaires.<\/p>\n\n\n\n<p><strong>1983 :<\/strong>&nbsp;Monsieur LANTOINE prend la suite de Monsieur BURIETZ.<\/p>\n\n\n\n<p><strong>1989 :<\/strong>&nbsp;Monsieur DESCHEPPER devient directeur du coll\u00e8ge. S\u0153ur Marie Marguerite est remplac\u00e9e par S\u0153ur \u00c9lisabeth BECART.<\/p>\n\n\n\n<p><strong>1991-1992 :<\/strong>&nbsp;Marie Claire CARNIAUX dirige l\u2019\u00e9cole maternelle Sainte Jeanne d\u2019Arc.<\/p>\n\n\n\n<p><strong>1995 :<\/strong>&nbsp;Premier contrat d\u2019association sign\u00e9 avec la mairie.<\/p>\n\n\n\n<p><strong>2001 :<\/strong>&nbsp;D\u00e9part des s\u0153urs. Nouvelle direction \u00e0 l\u2019\u00e9cole St Joseph.<\/p>\n\n\n\n<p><strong>2002 :<\/strong>&nbsp;Regroupement des classes primaires. L\u2019\u00e9cole devient Jeanne d\u2019Arc.<\/p>\n\n\n\n<p><strong>2010 :<\/strong>&nbsp;Madame CLARIS devient directrice du coll\u00e8ge.<\/p>\n\n\n\n<p><strong>2011 :<\/strong>&nbsp;Incendie partiel du coll\u00e8ge. Relogement temporaire des \u00e9l\u00e8ves.<\/p>\n\n\n\n<p><strong>2012 :<\/strong>&nbsp;R\u00e9int\u00e9gration dans les locaux r\u00e9habilit\u00e9s. Direction assur\u00e9e par Monsieur LAMPS.<\/p>\n\n\n\n<p><strong>2013 :<\/strong>&nbsp;Monsieur AUDRERIE succ\u00e8de \u00e0 Monsieur LAMPS. D\u00e9veloppement du coll\u00e8ge jusqu\u2019\u00e0 12 classes en 2018.<\/p>\n\n\n\n<div class=\"wp-block-columns is-layout-flex wp-container-core-columns-is-layout-28f84493 wp-block-columns-is-layout-flex\">\n<div class=\"wp-block-column has-pale-cyan-blue-background-color has-background is-layout-flow wp-block-column-is-layout-flow\" style=\"border-radius:5px;border-left-color:var(--theme-palette-color-2, #1559ed);padding-top:var(--wp--preset--spacing--30);padding-right:var(--wp--preset--spacing--30);padding-bottom:var(--wp--preset--spacing--30);padding-left:var(--wp--preset--spacing--30)\">\n<p><em>\u00ab Que de chemins parcourus en 200 ans \u00e0 Laventie \u00e0 travers l\u2019\u00e9volution de l\u2019\u00e9cole Jeanne d\u2019Arc et de l\u2019\u00e9cole Saint Joseph&#8230; Soyez dans la joie qui est la marque de Dieu. \u00bb<\/em><\/p>\n<\/div>\n<\/div>\n\n\n\n<h3 class=\"wp-block-heading\">Responsables successifs<\/h3>\n\n\n\n<h4 class=\"wp-block-heading has-white-color has-vivid-cyan-blue-background-color has-text-color has-background has-link-color wp-elements-e882c9c8d7f23b6fdc1a5a0051077a39\">\u00c9cole primaire \u2013 Filles &amp; Gar\u00e7ons<\/h4>\n\n\n\n<figure class=\"wp-block-table is-style-regular\" style=\"padding-top:var(--wp--preset--spacing--30);padding-right:var(--wp--preset--spacing--30);padding-bottom:var(--wp--preset--spacing--30);padding-left:var(--wp--preset--spacing--30)\"><table class=\"has-border-color has-black-border-color\" style=\"border-width:1px\"><thead><tr><th>Ann\u00e9e<\/th><th>\u00c9cole des filles<\/th><th>\u00c9cole des gar\u00e7ons<\/th><\/tr><\/thead><tbody><tr><td>1818<\/td><td>S\u0153ur Prudence et S\u0153ur Jonatine<\/td><td rowspan=\"2\">Fr\u00e8res des \u00e9coles chr\u00e9tiennes :<br>Josaphat, Ermin et Aphien<\/td><\/tr><tr><td>1839<\/td><td rowspan=\"6\">S\u0153urs de la congr\u00e9gation de la Sainte Famille d&rsquo;Amiens<\/td><\/tr><tr><td>1891<\/td><td>Fr\u00e8re Nicostrate de J\u00e9sus<\/td><\/tr><tr><td>1905<\/td><td>Monsieur FENAERT (1er directeur la\u00efc)<\/td><\/tr><tr><td>1918<\/td><td>Monsieur FRERE<\/td><\/tr><tr><td>1939<\/td><td>Madame VALENTON<\/td><\/tr><tr><td>1942<\/td><td>S\u0153urs de la Ste Famille d&rsquo;Amiens<\/td><\/tr><tr><td>1967<\/td><td>S\u0153ur Elisabeth<\/td><td>Monsieur BURIETZ<\/td><\/tr><tr><td>1972<\/td><td colspan=\"2\">Monsieur BURIETZ<\/td><\/tr><tr><td>1991<\/td><td colspan=\"2\">Monsieur LANTOINE<\/td><\/tr><tr><td>2001-2024<\/td><td colspan=\"2\">Madame Patricia VANECLOO<\/td><\/tr><tr><td>depuis 2025<\/td><td>Madame Marie POULET<\/td><td><\/td><\/tr><\/tbody><\/table><\/figure>\n\n\n\n<h3 class=\"wp-block-heading has-white-color has-luminous-vivid-amber-background-color has-text-color has-background has-link-color wp-elements-b3d64809c3787158f938fd7bc69814f7\">Coll\u00e8ge<\/h3>\n\n\n\n<figure class=\"wp-block-table\"><table class=\"has-border-color has-black-border-color\" style=\"border-width:1px\"><thead><tr><th>Ann\u00e9e<\/th><th>Responsable<\/th><\/tr><\/thead><tbody><tr><td>1959<\/td><td>S\u0153urs de la Ste Famille d\u2019Amiens<\/td><\/tr><tr><td>1989<\/td><td>Monsieur DESCHEPPER<\/td><\/tr><tr><td>2010<\/td><td>Madame CLARIS<\/td><\/tr><tr><td>2012<\/td><td>Monsieur LAMPS<\/td><\/tr><tr><td>Depuis 2013<\/td><td>Monsieur Nicolas AUDRERIE<\/td><\/tr><\/tbody><\/table><\/figure>\n<\/div>\n<\/div>\n","protected":false},"excerpt":{"rendered":"<p>L&rsquo;historique du Centre scolaire depuis 1818 1818 :&nbsp;Une modeste habitation en paillotis rue d\u2019Enfer est mise \u00e0 la disposition de 2 religieuses&#8230; S\u0153ur Jeanne-Claude JACOULET, fondatrice de la congr\u00e9gation, r\u00e9pondra favorablement \u00e0 la demande. 1836 :&nbsp;Le cur\u00e9 Warenghem envisage de cr\u00e9er une \u00e9cole de gar\u00e7ons confi\u00e9e aux fr\u00e8res des \u00e9coles chr\u00e9tiennes&#8230; A partir de 1870 [&hellip;]<\/p>\n","protected":false},"author":1,"featured_media":0,"parent":0,"menu_order":0,"comment_status":"closed","ping_status":"closed","template":"","meta":{"footnotes":""},"class_list":["post-25","page","type-page","status-publish","hentry"],"blocksy_meta":[],"_links":{"self":[{"href":"https:\/\/jeannedarclaventie.fr\/index.php\/wp-json\/wp\/v2\/pages\/25","targetHints":{"allow":["GET"]}}],"collection":[{"href":"https:\/\/jeannedarclaventie.fr\/index.php\/wp-json\/wp\/v2\/pages"}],"about":[{"href":"https:\/\/jeannedarclaventie.fr\/index.php\/wp-json\/wp\/v2\/types\/page"}],"author":[{"embeddable":true,"href":"https:\/\/jeannedarclaventie.fr\/index.php\/wp-json\/wp\/v2\/users\/1"}],"replies":[{"embeddable":true,"href":"https:\/\/jeannedarclaventie.fr\/index.php\/wp-json\/wp\/v2\/comments?post=25"}],"version-history":[{"count":8,"href":"https:\/\/jeannedarclaventie.fr\/index.php\/wp-json\/wp\/v2\/pages\/25\/revisions"}],"predecessor-version":[{"id":259,"href":"https:\/\/jeannedarclaventie.fr\/index.php\/wp-json\/wp\/v2\/pages\/25\/revisions\/259"}],"wp:attachment":[{"href":"https:\/\/jeannedarclaventie.fr\/index.php\/wp-json\/wp\/v2\/media?parent=25"}],"curies":[{"name":"wp","href":"https:\/\/api.w.org\/{rel}","templated":true}]}}