{"id":27,"date":"2025-07-09T16:01:56","date_gmt":"2025-07-09T16:01:56","guid":{"rendered":"http:\/\/bvtifgq.cluster100.hosting.ovh.net\/?page_id=27"},"modified":"2026-03-24T09:33:17","modified_gmt":"2026-03-24T09:33:17","slug":"la-facturation","status":"publish","type":"page","link":"https:\/\/jeannedarclaventie.fr\/index.php\/la-facturation\/","title":{"rendered":"La facturation"},"content":{"rendered":"\n<h1 class=\"wp-block-heading\">La facturation<\/h1>\n\n\n\n<p><\/p>\n\n\n\n<div class=\"wp-block-file\">\n  <object\n    class=\"wp-block-file__embed\"\n    data=\"https:\/\/jeannedarclaventie.fr\/wp-content\/uploads\/2025\/08\/FICHE-DE-FACTURATION-2025-2026.pdf\"\n    type=\"application\/pdf\"\n    style=\"width:100%;height:70vh;display:block;\"\n    aria-label=\"Fiche de facturation 2025-2026\"\n  >\n    <p>\n      Votre navigateur ne peut pas afficher le PDF.\n      Vous pouvez le t\u00e9l\u00e9charger ici :\n      <a href=\"https:\/\/jeannedarclaventie.fr\/wp-content\/uploads\/2025\/08\/FICHE-DE-FACTURATION-2025-2026.pdf\">\n        FICHE DE FACTURATION 2025-2026\n      <\/a>\n    <\/p>\n  <\/object>\n\n  <a\n    id=\"wp-block-file--media-369f00a6-a96c-46ed-90dc-dd323af13e1b\"\n    href=\"https:\/\/jeannedarclaventie.fr\/wp-content\/uploads\/2025\/08\/FICHE-DE-FACTURATION-2025-2026.pdf\"\n  >\n    FICHE DE FACTURATION 2025-2026\n  <\/a>\n\n  <a\n    href=\"https:\/\/jeannedarclaventie.fr\/wp-content\/uploads\/2025\/08\/FICHE-DE-FACTURATION-2025-2026.pdf\"\n    class=\"wp-block-file__button wp-element-button\"\n    download\n    aria-describedby=\"wp-block-file--media-369f00a6-a96c-46ed-90dc-dd323af13e1b\"\n  >\n    T\u00e9l\u00e9charger\n  <\/a>\n<\/div>\n\n\n\n\n<div class=\"wp-block-file\">\n  <object\n    class=\"wp-block-file__embed\"\n    data=\"https:\/\/jeannedarclaventie.fr\/wp-content\/uploads\/2025\/07\/reglement-financier-2020-2021.pdf\"\n    type=\"application\/pdf\"\n    style=\"width:100%;height:70vh;display:block;\"\n    aria-label=\"R\u00e8glement financier 2020-2021\"\n  >\n    <p>\n      Votre navigateur ne peut pas afficher le PDF.\n      Vous pouvez le t\u00e9l\u00e9charger ici :\n      <a href=\"https:\/\/jeannedarclaventie.fr\/wp-content\/uploads\/2025\/07\/reglement-financier-2020-2021.pdf\">\n        R\u00e8glement financier 2020-2021\n      <\/a>\n    <\/p>\n  <\/object>\n\n  <a\n    id=\"wp-block-file--media-reglement-financier\"\n    href=\"https:\/\/jeannedarclaventie.fr\/wp-content\/uploads\/2025\/07\/reglement-financier-2020-2021.pdf\"\n  >\n    R\u00e8glement financier 2020-2021\n  <\/a>\n\n  <a\n    href=\"https:\/\/jeannedarclaventie.fr\/wp-content\/uploads\/2025\/07\/reglement-financier-2020-2021.pdf\"\n    class=\"wp-block-file__button wp-element-button\"\n    download\n    aria-describedby=\"wp-block-file--media-reglement-financier\"\n  >\n    T\u00e9l\u00e9charger\n  <\/a>\n<\/div>\n\n\n\n\n<p>Les demandes de bourses sont compl\u00e9t\u00e9es par les familles par le biais d&rsquo;un formulaire remis aux \u00e9l\u00e8ves au cours du mois de septembre.<\/p>\n\n\n\n<p><\/p>\n","protected":false},"excerpt":{"rendered":"<p>La facturation Votre navigateur ne peut pas afficher le PDF. Vous pouvez le t\u00e9l\u00e9charger ici : FICHE DE FACTURATION 2025-2026 FICHE DE FACTURATION 2025-2026 T\u00e9l\u00e9charger Votre navigateur ne peut pas afficher le PDF. Vous pouvez le t\u00e9l\u00e9charger ici : R\u00e8glement financier 2020-2021 R\u00e8glement financier 2020-2021 T\u00e9l\u00e9charger Les demandes de bourses sont compl\u00e9t\u00e9es par les familles [&hellip;]<\/p>\n","protected":false},"author":1,"featured_media":0,"parent":0,"menu_order":0,"comment_status":"closed","ping_status":"closed","template":"","meta":{"footnotes":""},"class_list":["post-27","page","type-page","status-publish","hentry"],"blocksy_meta":[],"_links":{"self":[{"href":"https:\/\/jeannedarclaventie.fr\/index.php\/wp-json\/wp\/v2\/pages\/27","targetHints":{"allow":["GET"]}}],"collection":[{"href":"https:\/\/jeannedarclaventie.fr\/index.php\/wp-json\/wp\/v2\/pages"}],"about":[{"href":"https:\/\/jeannedarclaventie.fr\/index.php\/wp-json\/wp\/v2\/types\/page"}],"author":[{"embeddable":true,"href":"https:\/\/jeannedarclaventie.fr\/index.php\/wp-json\/wp\/v2\/users\/1"}],"replies":[{"embeddable":true,"href":"https:\/\/jeannedarclaventie.fr\/index.php\/wp-json\/wp\/v2\/comments?post=27"}],"version-history":[{"count":14,"href":"https:\/\/jeannedarclaventie.fr\/index.php\/wp-json\/wp\/v2\/pages\/27\/revisions"}],"predecessor-version":[{"id":386,"href":"https:\/\/jeannedarclaventie.fr\/index.php\/wp-json\/wp\/v2\/pages\/27\/revisions\/386"}],"wp:attachment":[{"href":"https:\/\/jeannedarclaventie.fr\/index.php\/wp-json\/wp\/v2\/media?parent=27"}],"curies":[{"name":"wp","href":"https:\/\/api.w.org\/{rel}","templated":true}]}}