{"id":31,"date":"2025-07-09T16:02:48","date_gmt":"2025-07-09T16:02:48","guid":{"rendered":"http:\/\/bvtifgq.cluster100.hosting.ovh.net\/?page_id=31"},"modified":"2026-03-24T09:49:49","modified_gmt":"2026-03-24T09:49:49","slug":"coordonees","status":"publish","type":"page","link":"https:\/\/jeannedarclaventie.fr\/index.php\/coordonees\/","title":{"rendered":"Coordonn\u00e9es"},"content":{"rendered":"\n<h1 class=\"wp-block-heading\">Coordonn\u00e9es<\/h1>\n\n\n\n<div class=\"wp-block-columns is-layout-flex wp-container-core-columns-is-layout-28f84493 wp-block-columns-is-layout-flex\">\n<div class=\"wp-block-column is-layout-flow wp-block-column-is-layout-flow\">\n<div style=\"background-color:#e1e8ed; border-left:4px solid #003DA5; padding:20px; margin-bottom:20px;\">\n  <h3 style=\"margin-top:0; color:#003DA5;\">Coll\u00e8ge Sainte Jeanne d\u2019Arc<\/h3>\n  <p>19, Rue Robert Parfait<br>\n  62840 Laventie, France<br>\n  <strong>Directeur :<\/strong> Mr Nicolas Audrerie<br>\n  <strong>T\u00e9l\u00e9phone :<\/strong> 03.21.27.62.82<br>\n  <strong>Fax :<\/strong> 03.21.02.49.48<br>\n  <strong>Email :<\/strong> <a href=\"mailto:direction@sja-laventie.fr\">direction@sja-laventie.fr<\/a><br>\n  <strong>Facebook :<\/strong> <a href=\"#\">Coll\u00e8ge Ste Jeanne d\u2019Arc de Laventie<\/a><\/p>\n<\/div>\n<\/div>\n<\/div>\n\n\n\n<div class=\"wp-block-columns is-layout-flex wp-container-core-columns-is-layout-28f84493 wp-block-columns-is-layout-flex\">\n<div class=\"wp-block-column is-layout-flow wp-block-column-is-layout-flow\">\n<div style=\"background-color:#e1e8ed; border-left:4px solid #003DA5; padding:20px; margin-bottom:20px;\">\n  <h3 style=\"margin-top:0; color:#003DA5;\">\u00c9cole Sainte Jeanne d\u2019Arc<\/h3>\n  <p>55, Rue du G\u00e9n\u00e9ral de Gaulle<br>\n  62840 Laventie, France<br>\n  <strong>Directrice :<\/strong> Mme Marie Poulet<br>\n  <strong>T\u00e9l\u00e9phone :<\/strong> 03.21.27.64.64<br>\n  <strong>Fax :<\/strong> 03.21.66.72.57<br>\n  <strong>Email :<\/strong> <a href=\"mailto:direction.ecole@sja-laventie.fr\">direction.ecole@sja-laventie.fr<\/a><br>\n  <strong>Facebook :<\/strong> <a href=\"#\">Ecole Ste Jeanne d\u2019Arc de Laventie<\/a>\n  <\/p>\n<\/div>\n<\/div>\n<\/div>\n\n\n\n<div class=\"wp-block-columns is-layout-flex wp-container-core-columns-is-layout-28f84493 wp-block-columns-is-layout-flex\">\n<div class=\"wp-block-column is-layout-flow wp-block-column-is-layout-flow\">\n<div style=\"background-color:#e1e8ed; border-left:4px solid #003DA5; padding:20px; margin-bottom:20px;\">\n  <h3 style=\"margin-top:0; color:#003DA5;\">Coordonn\u00e9es diverses<\/h3>\n  \n  <p><strong>Direction Dioc\u00e9saine d&rsquo;Arras<\/strong><br>\n  103, rue d&rsquo;Amiens<br>\n  62000 Arras<br>\n  \u00c9v\u00eaque d&rsquo;Arras : Mgr Jean-Paul JAEGER<br>\n  Directeur Dioc\u00e9sain : Mr Fran\u00e7ois HOLLAND<br>\n  <strong>T\u00e9l :<\/strong> 03.21.21.40.00<br>\n  <strong>Site :<\/strong> <a href=\"#\">ddec62.fr<\/a><\/p>\n\n  <p><strong>Rectorat de Lille<\/strong><br>\n  144 rue de Bavay<br>\n  59000 Lille<br>\n  <strong>T\u00e9l :<\/strong> 03.20.15.60.00<\/p>\n\n  <p><strong>Mairie de Laventie<\/strong><br>\n  Place du 8 mai<br>\n  62840 Laventie<br>\n  <strong>Maire :<\/strong> Mr Philippe BOONAERT<br>\n  <strong>T\u00e9l :<\/strong> 03.21.27.60.98<\/p>\n<\/div>\n<\/div>\n<\/div>\n","protected":false},"excerpt":{"rendered":"<p>Coordonn\u00e9es Coll\u00e8ge Sainte Jeanne d\u2019Arc 19, Rue Robert Parfait 62840 Laventie, France Directeur : Mr Nicolas Audrerie T\u00e9l\u00e9phone : 03.21.27.62.82 Fax : 03.21.02.49.48 Email : direction@sja-laventie.fr Facebook : Coll\u00e8ge Ste Jeanne d\u2019Arc de Laventie \u00c9cole Sainte Jeanne d\u2019Arc 55, Rue du G\u00e9n\u00e9ral de Gaulle 62840 Laventie, France Directrice : Mme Marie Poulet T\u00e9l\u00e9phone : 03.21.27.64.64 [&hellip;]<\/p>\n","protected":false},"author":1,"featured_media":0,"parent":0,"menu_order":0,"comment_status":"closed","ping_status":"closed","template":"","meta":{"footnotes":""},"class_list":["post-31","page","type-page","status-publish","hentry"],"blocksy_meta":[],"_links":{"self":[{"href":"https:\/\/jeannedarclaventie.fr\/index.php\/wp-json\/wp\/v2\/pages\/31","targetHints":{"allow":["GET"]}}],"collection":[{"href":"https:\/\/jeannedarclaventie.fr\/index.php\/wp-json\/wp\/v2\/pages"}],"about":[{"href":"https:\/\/jeannedarclaventie.fr\/index.php\/wp-json\/wp\/v2\/types\/page"}],"author":[{"embeddable":true,"href":"https:\/\/jeannedarclaventie.fr\/index.php\/wp-json\/wp\/v2\/users\/1"}],"replies":[{"embeddable":true,"href":"https:\/\/jeannedarclaventie.fr\/index.php\/wp-json\/wp\/v2\/comments?post=31"}],"version-history":[{"count":14,"href":"https:\/\/jeannedarclaventie.fr\/index.php\/wp-json\/wp\/v2\/pages\/31\/revisions"}],"predecessor-version":[{"id":393,"href":"https:\/\/jeannedarclaventie.fr\/index.php\/wp-json\/wp\/v2\/pages\/31\/revisions\/393"}],"wp:attachment":[{"href":"https:\/\/jeannedarclaventie.fr\/index.php\/wp-json\/wp\/v2\/media?parent=31"}],"curies":[{"name":"wp","href":"https:\/\/api.w.org\/{rel}","templated":true}]}}